{"id":6454,"date":"2025-04-19T09:13:15","date_gmt":"2025-04-19T09:13:15","guid":{"rendered":"https:\/\/julianhotels.com\/tr\/?page_id=6454"},"modified":"2025-04-19T09:17:31","modified_gmt":"2025-04-19T09:17:31","slug":"trinfo","status":"publish","type":"page","link":"https:\/\/julianhotels.com\/tr\/trinfo\/","title":{"rendered":"Hotel Info"},"content":{"rendered":"\t\t<div data-elementor-type=\"wp-page\" data-elementor-id=\"6454\" class=\"elementor elementor-6454\">\n\t\t\t\t\t\t\t\t\t<section class=\"elementor-section elementor-top-section elementor-element elementor-element-52472d96 elementor-reverse-tablet elementor-reverse-mobile elementor-section-boxed elementor-section-gap-beside-yes elementor-section-height-default elementor-section-height-default elementor-section-column-vertical-align-stretch\" data-id=\"52472d96\" data-element_type=\"section\">\n\t\t\t\t\t\t<div class=\"elementor-container elementor-column-gap-extended\">\n\t\t\t\t\t<div class=\"elementor-column elementor-col-25 elementor-top-column elementor-element elementor-element-3d286f25\" data-id=\"3d286f25\" data-element_type=\"column\">\n\t\t\t<div class=\"elementor-widget-wrap\">\n\t\t\t\t\t\t\t\t\t<\/div>\n\t\t<\/div>\n\t\t\t\t<div class=\"elementor-column elementor-col-50 elementor-top-column elementor-element elementor-element-7f1d5889\" data-id=\"7f1d5889\" data-element_type=\"column\">\n\t\t\t<div class=\"elementor-widget-wrap elementor-element-populated\">\n\t\t\t\t\t\t\t\t<div class=\"elementor-element elementor-element-4fe64c1b elementor-widget elementor-widget-text-editor\" data-id=\"4fe64c1b\" data-element_type=\"widget\" data-widget_type=\"text-editor.default\">\n\t\t\t\t<div class=\"elementor-widget-container\">\n\t\t\t<style>\/*! elementor - v3.12.1 - 02-04-2023 *\/\n.elementor-widget-text-editor.elementor-drop-cap-view-stacked .elementor-drop-cap{background-color:#69727d;color:#fff}.elementor-widget-text-editor.elementor-drop-cap-view-framed .elementor-drop-cap{color:#69727d;border:3px solid;background-color:transparent}.elementor-widget-text-editor:not(.elementor-drop-cap-view-default) .elementor-drop-cap{margin-top:8px}.elementor-widget-text-editor:not(.elementor-drop-cap-view-default) .elementor-drop-cap-letter{width:1em;height:1em}.elementor-widget-text-editor .elementor-drop-cap{float:left;text-align:center;line-height:1;font-size:50px}.elementor-widget-text-editor .elementor-drop-cap-letter{display:inline-block}<\/style>\t\t\t\t<p><strong>De\u011ferli Misafirlerimiz, <\/strong><\/p><p>Sizi \u00e7epe\u00e7evre saran havuzlar\u0131, v\u00fccudunuz kadar ruhunuzu da yenileyecek muhte\u015fem Julian SPA\u2019s\u0131, \u00e7ocuk d\u00fcnyas\u0131, nefis yemekleri, e\u015fsiz e\u011flence olanaklar\u0131 ile her an\u0131 keyifle ya\u015faman\u0131z i\u00e7in tasarlanm\u0131\u015f Julian Club Hotel\u2019e ho\u015f geldiniz. Misafirlerimiz i\u00e7in her zaman en \u00f6nemli \u00f6nceli\u011fimiz hizmet, kalite ve tutarl\u0131l\u0131kt\u0131r. Bu nedenle t\u00fcm misafirlerimiz, misafir olarak konaklad\u0131klar\u0131 Julian otellerinden y\u0131llarca gelmeye devam edecekleri Julian ailesinin bir ferdi olarak ayr\u0131l\u0131rlar. Otelimizdeki t\u00fcm ekibimizle unutulmaz ve e\u011flenceli bir konaklama ge\u00e7irmenizi dileriz.<\/p><p><strong>Loryma Restoran<\/strong><\/p><p><strong>\u00a0<\/strong>07:00 \u2013 10:00 A\u00e7\u0131k b\u00fcfe kahvalt\u0131<\/p><p>10:00 \u2013 11:00 Ge\u00e7 kahvalt\u0131<\/p><p>12:30 \u2013 14:30 A\u00e7\u0131k b\u00fcfe \u00f6\u011fle yeme\u011fi<\/p><p>19:00 \u2013 21:00 A\u00e7\u0131k b\u00fcfe ak\u015fam yeme\u011fi<\/p><p>23:30 \u2013 24:00 Gece \u00e7orbas\u0131<\/p><p><strong>A\u2019 la Carte Restoran <\/strong><\/p><p>A\u2019 la carte restoran\u0131m\u0131z rezervasyonlu olup, 19:00 &#8211; 21:00 saatleri aras\u0131nda \u00fccretli hizmet vermektedir.<\/p><p><strong>\u00a0<\/strong><strong>Knidos Bar <\/strong><\/p><p>10:00 \u2013 00:00 \u0130\u00e7ecek servisi<\/p><p>14:30 \u2013 16:30 Snack<\/p><p>14:30 \u2013 16:30 \u00dccretsiz dondurma servisi<\/p><p><strong>Fiskos Bar <\/strong><\/p><p>10:00 \u2013 00:00 \u0130\u00e7ecek servisi<\/p><p><strong>Lobby Bar- Pastane<\/strong><\/p><p>10:00 \u2013 24:00 \u0130\u00e7ecek servisi<\/p><p>16:30 \u2013 17:00 Taze pasta ve kurabiyeler, kahve ve \u00e7ay servisi<\/p><p><strong>\u00a0<\/strong><strong>\u00dccretli Hizmetler <\/strong><\/p><p>\u0130thal i\u00e7ecekler, t\u00fcm \u015fi\u015feli i\u00e7ecekler, taze meyve sular\u0131, \u00e7ama\u015f\u0131rhane servisi ve kuru temizleme, telefon, Wi-Fi, sa\u011fl\u0131k hizmetleri, kasa, al\u0131\u015fveri\u015f merkezi, g\u00fczellik merkezi. Tatiliniz boyunca nakit para ta\u015f\u0131ma zorunlulu\u011funu ortan kald\u0131ran kart sistemimiz sayesinde oda kartlar\u0131na belirli miktarlarda para y\u00fckleyerek ekstra harcamalar\u0131n\u0131z\u0131 yapabilirsiniz.<\/p><p>\u00a0* T\u00fcm yiyecek ve i\u00e7ecekler saat 00:00 &#8216;dan sonra \u00fccretlidir.<\/p><p><strong>Misafir Hizmetleri 611<\/strong><\/p><p>Misafir Hizmetleri Departman\u0131\u2019m\u0131z sizlerden gelecek soru ve istekleriniz i\u00e7in 08:00 \u2013 18:00 saatleri aras\u0131nda Lobby kat\u0131nda hizmetinizde olacakt\u0131r. Belirlenen saatler d\u0131\u015f\u0131ndaki istekleriniz i\u00e7in l\u00fctfen resepsiyonu aray\u0131n\u0131z (0).<\/p><p><strong>Mini Julian<\/strong><\/p><p>\u00c7ocuklar\u0131n\u0131z\u0131n ne\u015fe i\u00e7erisinde zaman ge\u00e7irecekleri Julian \u00c7ocuk Kul\u00fcb\u00fc\u2019m\u00fcz 04-12 ya\u015f aras\u0131 \u00e7ocuklar i\u00e7in 10:00 \u2013 12:00, 14:30 \u2013 17:00, 19:00 \u2013 21:00 saatleri aras\u0131nda hizmetinizdedir.<\/p><p><strong>E\u011flence ve Aktiviteler <\/strong><\/p><p>E\u011flence ve aktivite ekibimiz; Mini Julian, g\u00fcnl\u00fck animasyon ve spor aktiviteleri ve gece program\u0131 hakk\u0131nda sizleri bilgilendirmekten gurur duyacakt\u0131r. T\u00fcm aktivitelerimizle ilgili detayl\u0131 bilgiyi info board\u2019lar\u0131m\u0131zdan veya odalar\u0131n\u0131zda bulunan interaktif Info Tv\u2019den \u00f6\u011frenebilirsiniz.<\/p><p><strong>Spa &amp; Wellness<\/strong><\/p><p>Julian SPA sizi hem fiziksel hem de zihinsel olarak yenilemek ve rahatlatmak i\u00e7in gerekli donan\u0131mlara sahiptir. Geni\u015f kapsamda hizmet veren SPA Merkezi\u2019nde; T\u00fcrk hamam\u0131 (\u00fccretsiz), genel saunalar, buhar odas\u0131, masaj salonu, fitness center ve g\u00fczellik merkezi mevcuttur.<\/p><p><strong>Tavsiyeler <\/strong><\/p><ul><li>Odaya giri\u015f saati 14:00, odadan \u00e7\u0131k\u0131\u015f saati ise 12:00\u2019d\u0131r. T\u00fcm misafirlerimizin tatillerinden ayn\u0131 oranda faydalanabilmesi a\u00e7\u0131s\u0131ndan belirtilen saatlere uyman\u0131z\u0131 rica ederiz.<\/li><li>Do\u011fum g\u00fcn\u00fc kutlamalar\u0131n\u0131z i\u00e7in l\u00fctfen Misafir Hizmetleri Departman\u0131\u2019m\u0131za veya resepsiyona bir g\u00fcn \u00f6nceden haber veriniz.<\/li><li>De\u011ferli e\u015fyalar\u0131n\u0131z\u0131 l\u00fctfen odalar\u0131n\u0131zdaki kasada tutunuz.<\/li><li>E\u015fyalar\u0131n\u0131z\u0131 genel alanlarda kontrols\u00fcz b\u0131rakmay\u0131n\u0131z.<\/li><li>Ak\u015fam 20:00\u2019dan sonra havuzda can kurtaran yoktur. Havuz genel temizli\u011fi yap\u0131ld\u0131\u011f\u0131ndan dolay\u0131, gece havuza <u>girmemenizi<\/u> rica ederiz.<\/li><\/ul><p><strong>Ge\u00e7 Check Out<\/strong><\/p><p>Odadan \u00e7\u0131k\u0131\u015f saati (check-out) \u00f6\u011flen 12.00\u2019d\u0131r. Ge\u00e7 check-out i\u00e7in ek \u00fccret al\u0131nmaktad\u0131r. Daha fazla bilgi i\u00e7in l\u00fctfen resepsiyon ile ileti\u015fime ge\u00e7iniz.<\/p><p><strong>Kasa <\/strong><\/p><p>T\u00fcm odalar\u0131m\u0131zda kasa mevcuttur. Kasa kullan\u0131m\u0131 ve \u00fccretleri hakk\u0131nda l\u00fctfen resepsiyon ile g\u00f6r\u00fc\u015f\u00fcn\u00fcz.<\/p><p><strong>K\u0131yafet <\/strong><\/p><p>Kahvalt\u0131, \u00f6\u011flen ve ak\u015fam yemeklerinde restoranlara plaj k\u0131yafeti ile <u>gelmemenizi <\/u>rica ederiz.<\/p><p><strong>Klima<\/strong><\/p><p>B\u00fct\u00fcn odalar\u0131m\u0131z split klima so\u011futma sistemi ile iklimlendirilmektedir. Balkon kap\u0131s\u0131 a\u00e7\u0131ld\u0131\u011f\u0131nda klima otomatik olarak durmaktad\u0131r. Kendi sa\u011fl\u0131\u011f\u0131n\u0131z i\u00e7in oda s\u0131cakl\u0131\u011f\u0131n\u0131 24\u00b0C \u2013 30\u00b0C aras\u0131nda programlay\u0131n\u0131z.<\/p><p><strong>Plaj Havlusu <\/strong><\/p><p>Odan\u0131zdaki banyo havlular\u0131n\u0131 havuza <u>indirmemenizi<\/u> rica ediyoruz. Plaj havlusunu resepsiyondan g\u00fcnl\u00fck olarak kiralayabilir, ak\u015fam temizi ile de\u011fi\u015ftirebilirsiniz.<\/p><p><strong>Ziyaret\u00e7i Kabul\u00fc<\/strong><\/p><p>Otelimiz \u2018Her \u015fey Dahil\u2019 sistemi ile hizmet vermekte oldu\u011fundan, d\u0131\u015far\u0131dan ziyaret\u00e7inizin gelmesi durumunda g\u00fcnl\u00fck \u00fccret uygulanmaktad\u0131r. Ziyaret\u00e7ilerinizi l\u00fctfen \u00f6nceden Misafir Hizmetleri Departman\u0131\u2019na veya resepsiyona bildiriniz.<\/p><p><strong>Y\u00fczme Havuzlar\u0131<\/strong><\/p><p>Y\u00fczme havuzlar\u0131m\u0131z\u0131n kullan\u0131m saatleri 08:00 \u2013 20:00 aras\u0131d\u0131r. Su kayd\u0131raklar\u0131 saat 10:15 \u2013 11:15 ve 15:15 \u2013 16:30 aras\u0131 siz de\u011ferli misafirlerimiz i\u00e7in kullan\u0131ma a\u00e7\u0131kt\u0131r. L\u00fctfen oda havlular\u0131n\u0131z\u0131 havuz \u00e7evresinde kullanmay\u0131n\u0131z. Olas\u0131 bir kazay\u0131 \u00f6nlemek ama\u00e7l\u0131 olarak g\u00fcnd\u00fcz havuz ve \u00e7evresinde i\u00e7ecek servisi sadece plastik bardak ile yap\u0131lmaktad\u0131r. K\u0131r\u0131lmas\u0131 muhtemel e\u015fyalar\u0131n havuz alan\u0131na getirilmemesi rica olunur. <u>Saat 08:00\u2019dan \u00f6nce \u015fezlong \u00fczerine rezerve ama\u00e7l\u0131 b\u0131rak\u0131lan havlular toplat\u0131lacakt\u0131r.<\/u><\/p><p><strong>Kat Hizmetleri<\/strong><\/p><p>Oda temizli\u011fi g\u00fcnl\u00fck yap\u0131larak, \u00e7ar\u015faf ve havlular 3 g\u00fcnde bir de\u011fi\u015ftirilmektedir. Do\u011fal g\u00fczellikleri korumak i\u00e7in su ve deterjan kullan\u0131m\u0131 en aza indirmek istiyoruz. De\u011fi\u015ftirilmesini arzu etti\u011finiz havlular\u0131 l\u00fctfen banyo zeminine, kullanmay\u0131 d\u00fc\u015f\u00fcnd\u00fcklerinizi ise ask\u0131da b\u0131rak\u0131n\u0131z.<\/p><p><strong>Alerjiler<\/strong><\/p><p>Herhangi bir alerjiniz varsa l\u00fctfen Misafir Hizmetleri Departman\u0131 yetkilisiyle ileti\u015fime ge\u00e7in.<\/p><p><strong>Doktor <\/strong><\/p><p>Konaklaman\u0131z s\u00fcresince acil doktor ihtiyac\u0131n\u0131z olursa, hem\u015fireye ve doktora mesai saatleri i\u00e7erisinde, 3. blok alt\u0131ndaki zemin katta ula\u015fabilirsiniz. Doktora gelirken yan\u0131n\u0131zda sigorta bilgilerinizi ve pasaportunuzu getirmeniz gerekmektedir. Bu saatler d\u0131\u015f\u0131nda doktora ihtiyac\u0131n\u0131z varsa l\u00fctfen Misafir Hizmetleri Departman\u0131 yetkilisiyle veya resepsiyon ile ileti\u015fime ge\u00e7iniz.<\/p><p><strong>Gerekli Numaralar <\/strong><\/p><p>Resepsiyon 0<\/p><p>Misafir Hizmetleri 611<\/p><p>Otel kart\u0131n\u0131zla oda kap\u0131n\u0131z\u0131 a\u00e7abilirsiniz ve odan\u0131zdaki elektrik sistemini aktive edebilirsiniz.<\/p><p>\u015eehirleraras\u0131 ve uluslararas\u0131 g\u00f6r\u00fc\u015fmeleriniz i\u00e7in l\u00fctfen resepsiyondan telefon kart\u0131 al\u0131n\u0131z. D\u0131\u015f hat i\u00e7in \u20189\u2019u tu\u015flay\u0131n\u0131z, daha sonra kart \u00fczerindeki \u015fifreyi giriniz ve aramak istedi\u011finiz numaray\u0131 \u00e7eviriniz.<\/p><p>Misafir Memnuniyeti Anketi\u2019mizi doldurman\u0131z\u0131 ve tatiliniz sonras\u0131nda a\u015fa\u011f\u0131da belirtilen sitelerde bizi de\u011ferlendirmenizi rica ederiz.<\/p><p><a href=\"http:\/\/www.tripadvisor.com\">www.tripadvisor.com<\/a><\/p><p><a href=\"http:\/\/www.holidaycheck.com\">www.holidaycheck.com<\/a><\/p><p><a href=\"http:\/\/www.tophotels.ru\">www.tophotels.ru<\/a><\/p><p><strong>Oda Y\u00fckseltmeleri<\/strong><\/p><p>Standart odalar\u0131m\u0131za alternatif olarak, konforun s\u0131cakl\u0131\u011f\u0131n\u0131 hissettirebilmek amac\u0131yla tasarlanan Suit odalar\u0131m\u0131za y\u00fckseltme yap\u0131labilmektedir. Uygunluk durumu ve detayl\u0131 bilgi i\u00e7in l\u00fctfen resepsiyonla irtibata ge\u00e7iniz.<\/p>\t\t\t\t\t\t<\/div>\n\t\t\t\t<\/div>\n\t\t\t\t\t<\/div>\n\t\t<\/div>\n\t\t\t\t<div class=\"elementor-column elementor-col-25 elementor-top-column elementor-element elementor-element-4b4326f8\" data-id=\"4b4326f8\" data-element_type=\"column\">\n\t\t\t<div class=\"elementor-widget-wrap\">\n\t\t\t\t\t\t\t\t\t<\/div>\n\t\t<\/div>\n\t\t\t\t\t\t\t<\/div>\n\t\t<\/section>\n\t\t\t\t\t\t\t<\/div>\n\t\t","protected":false},"excerpt":{"rendered":"<p>De\u011ferli Misafirlerimiz, Sizi \u00e7epe\u00e7evre saran havuzlar\u0131, v\u00fccudunuz kadar ruhunuzu da yenileyecek muhte\u015fem Julian SPA\u2019s\u0131, \u00e7ocuk d\u00fcnyas\u0131, nefis yemekleri, e\u015fsiz e\u011flence olanaklar\u0131 ile her an\u0131 keyifle ya\u015faman\u0131z i\u00e7in tasarlanm\u0131\u015f Julian Club Hotel\u2019e ho\u015f geldiniz. Misafirlerimiz i\u00e7in her zaman en \u00f6nemli \u00f6nceli\u011fimiz hizmet, kalite ve tutarl\u0131l\u0131kt\u0131r. Bu nedenle t\u00fcm misafirlerimiz, misafir olarak konaklad\u0131klar\u0131 Julian otellerinden y\u0131llarca gelmeye [&hellip;]<\/p>\n","protected":false},"author":1,"featured_media":0,"parent":0,"menu_order":0,"comment_status":"closed","ping_status":"closed","template":"","meta":[],"_links":{"self":[{"href":"https:\/\/julianhotels.com\/tr\/wp-json\/wp\/v2\/pages\/6454"}],"collection":[{"href":"https:\/\/julianhotels.com\/tr\/wp-json\/wp\/v2\/pages"}],"about":[{"href":"https:\/\/julianhotels.com\/tr\/wp-json\/wp\/v2\/types\/page"}],"author":[{"embeddable":true,"href":"https:\/\/julianhotels.com\/tr\/wp-json\/wp\/v2\/users\/1"}],"replies":[{"embeddable":true,"href":"https:\/\/julianhotels.com\/tr\/wp-json\/wp\/v2\/comments?post=6454"}],"version-history":[{"count":5,"href":"https:\/\/julianhotels.com\/tr\/wp-json\/wp\/v2\/pages\/6454\/revisions"}],"predecessor-version":[{"id":6461,"href":"https:\/\/julianhotels.com\/tr\/wp-json\/wp\/v2\/pages\/6454\/revisions\/6461"}],"wp:attachment":[{"href":"https:\/\/julianhotels.com\/tr\/wp-json\/wp\/v2\/media?parent=6454"}],"curies":[{"name":"wp","href":"https:\/\/api.w.org\/{rel}","templated":true}]}}