{"id":2105,"date":"2021-03-24T07:25:45","date_gmt":"2021-03-24T07:25:45","guid":{"rendered":"http:\/\/localhost\/nuss\/?page_id=235"},"modified":"2023-03-19T12:35:28","modified_gmt":"2023-03-19T12:35:28","slug":"faqs","status":"publish","type":"page","link":"https:\/\/julianhotels.com\/tr\/faqs\/","title":{"rendered":"S\u0131k\u00e7a Sorulan Sorular"},"content":{"rendered":"\t\t<div data-elementor-type=\"wp-page\" data-elementor-id=\"2105\" class=\"elementor elementor-2105\">\n\t\t\t\t\t\t\t\t\t<section class=\"elementor-section elementor-top-section elementor-element elementor-element-2a96a73 elementor-section-boxed elementor-section-gap-beside-yes elementor-section-height-default elementor-section-height-default elementor-section-column-vertical-align-stretch\" data-id=\"2a96a73\" data-element_type=\"section\">\n\t\t\t\t\t\t<div class=\"elementor-container elementor-column-gap-extended\">\n\t\t\t\t\t<div class=\"elementor-column elementor-col-100 elementor-top-column elementor-element elementor-element-98ef20c\" data-id=\"98ef20c\" data-element_type=\"column\">\n\t\t\t<div class=\"elementor-widget-wrap elementor-element-populated\">\n\t\t\t\t\t\t\t\t<div class=\"elementor-element elementor-element-97088c0 elementor-widget__width-initial elementor-invisible elementor-widget elementor-widget-text-editor\" data-id=\"97088c0\" data-element_type=\"widget\" data-settings=\"{&quot;_animation&quot;:&quot;nussFadeInUp&quot;}\" data-widget_type=\"text-editor.default\">\n\t\t\t\t<div class=\"elementor-widget-container\">\n\t\t\t<style>\/*! elementor - v3.12.1 - 02-04-2023 *\/\n.elementor-widget-text-editor.elementor-drop-cap-view-stacked .elementor-drop-cap{background-color:#69727d;color:#fff}.elementor-widget-text-editor.elementor-drop-cap-view-framed .elementor-drop-cap{color:#69727d;border:3px solid;background-color:transparent}.elementor-widget-text-editor:not(.elementor-drop-cap-view-default) .elementor-drop-cap{margin-top:8px}.elementor-widget-text-editor:not(.elementor-drop-cap-view-default) .elementor-drop-cap-letter{width:1em;height:1em}.elementor-widget-text-editor .elementor-drop-cap{float:left;text-align:center;line-height:1;font-size:50px}.elementor-widget-text-editor .elementor-drop-cap-letter{display:inline-block}<\/style>\t\t\t\t<p>SIK\u00c7A SORULAN SORULAR<\/p>\t\t\t\t\t\t<\/div>\n\t\t\t\t<\/div>\n\t\t\t\t\t<\/div>\n\t\t<\/div>\n\t\t\t\t\t\t\t<\/div>\n\t\t<\/section>\n\t\t\t\t<section class=\"elementor-section elementor-top-section elementor-element elementor-element-b184647 elementor-section-gap-beside-no elementor-section-boxed elementor-section-height-default elementor-section-height-default elementor-section-column-vertical-align-stretch\" data-id=\"b184647\" data-element_type=\"section\">\n\t\t\t\t\t\t<div class=\"elementor-container elementor-column-gap-extended\">\n\t\t\t\t\t<div class=\"elementor-column elementor-col-50 elementor-top-column elementor-element elementor-element-1d49749\" data-id=\"1d49749\" data-element_type=\"column\">\n\t\t\t<div class=\"elementor-widget-wrap elementor-element-populated\">\n\t\t\t\t\t\t\t\t<div class=\"elementor-element elementor-element-50f0733 elementor-invisible elementor-widget elementor-widget-heading\" data-id=\"50f0733\" data-element_type=\"widget\" data-settings=\"{&quot;_animation&quot;:&quot;nussFadeInUp&quot;}\" data-widget_type=\"heading.default\">\n\t\t\t\t<div class=\"elementor-widget-container\">\n\t\t\t<style>\/*! elementor - v3.12.1 - 02-04-2023 *\/\n.elementor-heading-title{padding:0;margin:0;line-height:1}.elementor-widget-heading .elementor-heading-title[class*=elementor-size-]>a{color:inherit;font-size:inherit;line-height:inherit}.elementor-widget-heading .elementor-heading-title.elementor-size-small{font-size:15px}.elementor-widget-heading .elementor-heading-title.elementor-size-medium{font-size:19px}.elementor-widget-heading .elementor-heading-title.elementor-size-large{font-size:29px}.elementor-widget-heading .elementor-heading-title.elementor-size-xl{font-size:39px}.elementor-widget-heading .elementor-heading-title.elementor-size-xxl{font-size:59px}<\/style><h2 class=\"elementor-heading-title elementor-size-default\">SIK\u00c7A SORULAN SORULAR<\/h2>\t\t<\/div>\n\t\t\t\t<\/div>\n\t\t\t\t<div class=\"elementor-element elementor-element-a865a9f nuss-accordion-style-03 elementor-invisible elementor-widget elementor-widget-nuss-accordion\" data-id=\"a865a9f\" data-element_type=\"widget\" data-settings=\"{&quot;_animation&quot;:&quot;nussFadeInUp&quot;}\" data-widget_type=\"nuss-accordion.default\">\n\t\t\t\t<div class=\"elementor-widget-container\">\n\t\t\t\t\t<div class=\"nuss-accordion nuss-accordion-icon-right\">\r\n\t\t\t\t\t\t\t<div class=\"accordion-section\">\r\n\t\t\t\t\t<div class=\"accordion-header\">\r\n\t\t\t\t\t\t<div class=\"accordion-title-wrapper\">\r\n\t\t\t\t\t\t\t<h4 class=\"accordion-title\">Otele giri\u015f saati?<\/h4>\t\t\t\t\t\t<\/div>\r\n\t\t\t\t\t\t\t\t\t\t\t\t\t<div class=\"accordion-icons\">\r\n\t\t\t\t\t\t\t\t<span\r\n\t\t\t\t\t\t\t\t\tclass=\"accordion-icon opened-icon\"><i class=\"fal fa-angle-down\"><\/i><\/span>\r\n\t\t\t\t\t\t\t\t<span\r\n\t\t\t\t\t\t\t\t\tclass=\"accordion-icon closed-icon\"><i class=\"fal fa-angle-up\"><\/i><\/span>\r\n\t\t\t\t\t\t\t<\/div>\r\n\t\t\t\t\t\t\t\t\t\t\t<\/div>\r\n\t\t\t\t\t<div class=\"accordion-content\">\r\n\t\t\t\t\t\t<p>Tesisimizde Check-in saati 14:00&#8217;ten sonrad\u0131r. Erken check-in yapman\u0131z durumunda var\u0131\u015f saatinizi bize bildirdi\u011finiz takdirde, odan\u0131z\u0131n m\u00fcsait olmas\u0131 i\u00e7in elimizden gelenin en iyisini yapaca\u011f\u0131z.<\/p>\t\t\t\t\t<\/div>\r\n\t\t\t\t<\/div>\r\n\t\t\t\t\t\t\t<div class=\"accordion-section\">\r\n\t\t\t\t\t<div class=\"accordion-header\">\r\n\t\t\t\t\t\t<div class=\"accordion-title-wrapper\">\r\n\t\t\t\t\t\t\t<h4 class=\"accordion-title\">Otelden ayr\u0131l\u0131\u015f saati?<\/h4>\t\t\t\t\t\t<\/div>\r\n\t\t\t\t\t\t\t\t\t\t\t\t\t<div class=\"accordion-icons\">\r\n\t\t\t\t\t\t\t\t<span\r\n\t\t\t\t\t\t\t\t\tclass=\"accordion-icon opened-icon\"><i class=\"fal fa-angle-down\"><\/i><\/span>\r\n\t\t\t\t\t\t\t\t<span\r\n\t\t\t\t\t\t\t\t\tclass=\"accordion-icon closed-icon\"><i class=\"fal fa-angle-up\"><\/i><\/span>\r\n\t\t\t\t\t\t\t<\/div>\r\n\t\t\t\t\t\t\t\t\t\t\t<\/div>\r\n\t\t\t\t\t<div class=\"accordion-content\">\r\n\t\t\t\t\t\t<p>\u00c7\u0131k\u0131\u015f saati \u00f6\u011flen 12:00&#8217;den \u00f6ncedir. Ge\u00e7 \u00e7\u0131k\u0131\u015f yapmay\u0131 planl\u0131yorsan\u0131z, l\u00fctfen bir g\u00fcn \u00f6ncesinden resepsiyondan bilgi al\u0131n\u0131z.<\/p>\t\t\t\t\t<\/div>\r\n\t\t\t\t<\/div>\r\n\t\t\t\t\t\t\t<div class=\"accordion-section\">\r\n\t\t\t\t\t<div class=\"accordion-header\">\r\n\t\t\t\t\t\t<div class=\"accordion-title-wrapper\">\r\n\t\t\t\t\t\t\t<h4 class=\"accordion-title\">Resepsiyon hangi saatler aras\u0131nda hizmet veriyor?<\/h4>\t\t\t\t\t\t<\/div>\r\n\t\t\t\t\t\t\t\t\t\t\t\t\t<div class=\"accordion-icons\">\r\n\t\t\t\t\t\t\t\t<span\r\n\t\t\t\t\t\t\t\t\tclass=\"accordion-icon opened-icon\"><i class=\"fal fa-angle-down\"><\/i><\/span>\r\n\t\t\t\t\t\t\t\t<span\r\n\t\t\t\t\t\t\t\t\tclass=\"accordion-icon closed-icon\"><i class=\"fal fa-angle-up\"><\/i><\/span>\r\n\t\t\t\t\t\t\t<\/div>\r\n\t\t\t\t\t\t\t\t\t\t\t<\/div>\r\n\t\t\t\t\t<div class=\"accordion-content\">\r\n\t\t\t\t\t\t<p>Resepsiyon 24 saat hizmet vermektedir.<\/p>\t\t\t\t\t<\/div>\r\n\t\t\t\t<\/div>\r\n\t\t\t\t\t\t\t<div class=\"accordion-section\">\r\n\t\t\t\t\t<div class=\"accordion-header\">\r\n\t\t\t\t\t\t<div class=\"accordion-title-wrapper\">\r\n\t\t\t\t\t\t\t<h4 class=\"accordion-title\">Resepsiyonda hangi diller konu\u015fulmaktad\u0131r?<\/h4>\t\t\t\t\t\t<\/div>\r\n\t\t\t\t\t\t\t\t\t\t\t\t\t<div class=\"accordion-icons\">\r\n\t\t\t\t\t\t\t\t<span\r\n\t\t\t\t\t\t\t\t\tclass=\"accordion-icon opened-icon\"><i class=\"fal fa-angle-down\"><\/i><\/span>\r\n\t\t\t\t\t\t\t\t<span\r\n\t\t\t\t\t\t\t\t\tclass=\"accordion-icon closed-icon\"><i class=\"fal fa-angle-up\"><\/i><\/span>\r\n\t\t\t\t\t\t\t<\/div>\r\n\t\t\t\t\t\t\t\t\t\t\t<\/div>\r\n\t\t\t\t\t<div class=\"accordion-content\">\r\n\t\t\t\t\t\t<p>\u0130ngilizce, T\u00fcrk\u00e7e, Rus\u00e7a.<\/p>\t\t\t\t\t<\/div>\r\n\t\t\t\t<\/div>\r\n\t\t\t\t\t\t\t<div class=\"accordion-section\">\r\n\t\t\t\t\t<div class=\"accordion-header\">\r\n\t\t\t\t\t\t<div class=\"accordion-title-wrapper\">\r\n\t\t\t\t\t\t\t<h4 class=\"accordion-title\">Bavulumu b\u0131rakabilirmiyim?<\/h4>\t\t\t\t\t\t<\/div>\r\n\t\t\t\t\t\t\t\t\t\t\t\t\t<div class=\"accordion-icons\">\r\n\t\t\t\t\t\t\t\t<span\r\n\t\t\t\t\t\t\t\t\tclass=\"accordion-icon opened-icon\"><i class=\"fal fa-angle-down\"><\/i><\/span>\r\n\t\t\t\t\t\t\t\t<span\r\n\t\t\t\t\t\t\t\t\tclass=\"accordion-icon closed-icon\"><i class=\"fal fa-angle-up\"><\/i><\/span>\r\n\t\t\t\t\t\t\t<\/div>\r\n\t\t\t\t\t\t\t\t\t\t\t<\/div>\r\n\t\t\t\t\t<div class=\"accordion-content\">\r\n\t\t\t\t\t\t<p>Tesisimizde bulunan bagaj odas\u0131na b\u0131rakabilirsiniz.<\/p>\t\t\t\t\t<\/div>\r\n\t\t\t\t<\/div>\r\n\t\t\t\t\t\t\t<div class=\"accordion-section\">\r\n\t\t\t\t\t<div class=\"accordion-header\">\r\n\t\t\t\t\t\t<div class=\"accordion-title-wrapper\">\r\n\t\t\t\t\t\t\t<h4 class=\"accordion-title\">\u0130nternet ba\u011flant\u0131s\u0131?<\/h4>\t\t\t\t\t\t<\/div>\r\n\t\t\t\t\t\t\t\t\t\t\t\t\t<div class=\"accordion-icons\">\r\n\t\t\t\t\t\t\t\t<span\r\n\t\t\t\t\t\t\t\t\tclass=\"accordion-icon opened-icon\"><i class=\"fal fa-angle-down\"><\/i><\/span>\r\n\t\t\t\t\t\t\t\t<span\r\n\t\t\t\t\t\t\t\t\tclass=\"accordion-icon closed-icon\"><i class=\"fal fa-angle-up\"><\/i><\/span>\r\n\t\t\t\t\t\t\t<\/div>\r\n\t\t\t\t\t\t\t\t\t\t\t<\/div>\r\n\t\t\t\t\t<div class=\"accordion-content\">\r\n\t\t\t\t\t\t<p>Otel genel alan\u0131nlar\u0131nda, \u00fccretsiz\/ kablosuz internet ba\u011flant\u0131s\u0131 mevcuttur<\/p>\t\t\t\t\t<\/div>\r\n\t\t\t\t<\/div>\r\n\t\t\t\t\t\t\t<div class=\"accordion-section\">\r\n\t\t\t\t\t<div class=\"accordion-header\">\r\n\t\t\t\t\t\t<div class=\"accordion-title-wrapper\">\r\n\t\t\t\t\t\t\t<h4 class=\"accordion-title\">En yak\u0131n havaalan\u0131 nerede?<\/h4>\t\t\t\t\t\t<\/div>\r\n\t\t\t\t\t\t\t\t\t\t\t\t\t<div class=\"accordion-icons\">\r\n\t\t\t\t\t\t\t\t<span\r\n\t\t\t\t\t\t\t\t\tclass=\"accordion-icon opened-icon\"><i class=\"fal fa-angle-down\"><\/i><\/span>\r\n\t\t\t\t\t\t\t\t<span\r\n\t\t\t\t\t\t\t\t\tclass=\"accordion-icon closed-icon\"><i class=\"fal fa-angle-up\"><\/i><\/span>\r\n\t\t\t\t\t\t\t<\/div>\r\n\t\t\t\t\t\t\t\t\t\t\t<\/div>\r\n\t\t\t\t\t<div class=\"accordion-content\">\r\n\t\t\t\t\t\t<p>En yak\u0131n havaalan\u0131 yakla\u015f\u0131k 90 km uzakl\u0131kta bulunan Dalaman havaalan\u0131d\u0131r.<\/p>\t\t\t\t\t<\/div>\r\n\t\t\t\t<\/div>\r\n\t\t\t\t\t<\/div>\r\n\t\t\t\t<\/div>\n\t\t\t\t<\/div>\n\t\t\t\t\t<\/div>\n\t\t<\/div>\n\t\t\t\t<div class=\"elementor-column elementor-col-50 elementor-top-column elementor-element elementor-element-1284d57\" data-id=\"1284d57\" data-element_type=\"column\">\n\t\t\t<div class=\"elementor-widget-wrap elementor-element-populated\">\n\t\t\t\t\t\t\t\t<div class=\"elementor-element elementor-element-590768a elementor-invisible nuss-elementor-loading nuss-slide-in-left elementor-widget elementor-widget-image\" data-id=\"590768a\" data-element_type=\"widget\" data-settings=\"{&quot;_animation&quot;:&quot;nussSlideInLeft&quot;}\" data-widget_type=\"image.default\">\n\t\t\t\t<div class=\"elementor-widget-container\">\n\t\t\t<style>\/*! elementor - v3.12.1 - 02-04-2023 *\/\n.elementor-widget-image{text-align:center}.elementor-widget-image a{display:inline-block}.elementor-widget-image a img[src$=\".svg\"]{width:48px}.elementor-widget-image img{vertical-align:middle;display:inline-block}<\/style>\t\t\t\t\t\t\t\t\t\t\t\t<img decoding=\"async\" width=\"1000\" height=\"1296\" src=\"https:\/\/julianhotels.com\/tr\/wp-content\/uploads\/2023\/03\/faqs.jpg\" class=\"attachment-full size-full wp-image-6181\" alt=\"\" loading=\"lazy\" srcset=\"https:\/\/julianhotels.com\/tr\/wp-content\/uploads\/2023\/03\/faqs.jpg 1000w, https:\/\/julianhotels.com\/tr\/wp-content\/uploads\/2023\/03\/faqs-231x300.jpg 231w, https:\/\/julianhotels.com\/tr\/wp-content\/uploads\/2023\/03\/faqs-790x1024.jpg 790w, https:\/\/julianhotels.com\/tr\/wp-content\/uploads\/2023\/03\/faqs-768x995.jpg 768w, https:\/\/julianhotels.com\/tr\/wp-content\/uploads\/2023\/03\/faqs-600x778.jpg 600w\" sizes=\"(max-width: 1000px) 100vw, 1000px\" \/>\t\t\t\t\t\t\t\t\t\t\t\t\t\t\t<\/div>\n\t\t\t\t<\/div>\n\t\t\t\t\t<\/div>\n\t\t<\/div>\n\t\t\t\t\t\t\t<\/div>\n\t\t<\/section>\n\t\t\t\t\t\t\t<\/div>\n\t\t","protected":false},"excerpt":{"rendered":"<p>SIK\u00c7A SORULAN SORULAR SIK\u00c7A SORULAN SORULAR Otele giri\u015f saati? Tesisimizde Check-in saati 14:00&#8217;ten sonrad\u0131r. Erken check-in yapman\u0131z durumunda var\u0131\u015f saatinizi bize bildirdi\u011finiz takdirde, odan\u0131z\u0131n m\u00fcsait olmas\u0131 i\u00e7in elimizden gelenin en iyisini yapaca\u011f\u0131z. Otelden ayr\u0131l\u0131\u015f saati? \u00c7\u0131k\u0131\u015f saati \u00f6\u011flen 12:00&#8217;den \u00f6ncedir. Ge\u00e7 \u00e7\u0131k\u0131\u015f yapmay\u0131 planl\u0131yorsan\u0131z, l\u00fctfen bir g\u00fcn \u00f6ncesinden resepsiyondan bilgi al\u0131n\u0131z. Resepsiyon hangi saatler aras\u0131nda [&hellip;]<\/p>\n","protected":false},"author":1,"featured_media":0,"parent":0,"menu_order":0,"comment_status":"closed","ping_status":"closed","template":"elementor_header_footer","meta":[],"_links":{"self":[{"href":"https:\/\/julianhotels.com\/tr\/wp-json\/wp\/v2\/pages\/2105"}],"collection":[{"href":"https:\/\/julianhotels.com\/tr\/wp-json\/wp\/v2\/pages"}],"about":[{"href":"https:\/\/julianhotels.com\/tr\/wp-json\/wp\/v2\/types\/page"}],"author":[{"embeddable":true,"href":"https:\/\/julianhotels.com\/tr\/wp-json\/wp\/v2\/users\/1"}],"replies":[{"embeddable":true,"href":"https:\/\/julianhotels.com\/tr\/wp-json\/wp\/v2\/comments?post=2105"}],"version-history":[{"count":27,"href":"https:\/\/julianhotels.com\/tr\/wp-json\/wp\/v2\/pages\/2105\/revisions"}],"predecessor-version":[{"id":6376,"href":"https:\/\/julianhotels.com\/tr\/wp-json\/wp\/v2\/pages\/2105\/revisions\/6376"}],"wp:attachment":[{"href":"https:\/\/julianhotels.com\/tr\/wp-json\/wp\/v2\/media?parent=2105"}],"curies":[{"name":"wp","href":"https:\/\/api.w.org\/{rel}","templated":true}]}}